{"id":177,"date":"2021-10-23T08:04:51","date_gmt":"2021-10-23T08:04:51","guid":{"rendered":"https:\/\/www.senioripuisto.fi\/?page_id=177"},"modified":"2022-11-08T12:59:50","modified_gmt":"2022-11-08T12:59:50","slug":"177-2","status":"publish","type":"page","link":"https:\/\/www.senioripuisto.fi\/index.php\/177-2\/","title":{"rendered":"Lis\u00e4tietoja"},"content":{"rendered":"<p>[et_pb_section fb_built=&#8221;1&#8243; admin_label=&#8221;Hero Section&#8221; _builder_version=&#8221;4.10.8&#8243; use_background_color_gradient=&#8221;on&#8221; background_color_gradient_start=&#8221;rgba(244,240,233,0.9)&#8221; background_color_gradient_end=&#8221;rgba(244,240,233,0)&#8221; background_color_gradient_direction=&#8221;90deg&#8221; background_color_gradient_start_position=&#8221;30%&#8221; background_color_gradient_overlays_image=&#8221;on&#8221; background_image=&#8221;https:\/\/www.senioripuisto.fi\/wp-content\/uploads\/2022\/09\/20220921_102035-01-scaled.jpeg&#8221; custom_margin=&#8221;|||&#8221; global_colors_info=&#8221;{}&#8221;][et_pb_row custom_padding_last_edited=&#8221;off|desktop&#8221; admin_label=&#8221;Hero Area&#8221; _builder_version=&#8221;4.10.8&#8243; hover_enabled=&#8221;0&#8243; global_colors_info=&#8221;{}&#8221; sticky_enabled=&#8221;0&#8243;][et_pb_column type=&#8221;4_4&#8243; _builder_version=&#8221;3.25&#8243; custom_padding=&#8221;|||&#8221; global_colors_info=&#8221;{}&#8221; custom_padding__hover=&#8221;|||&#8221;][et_pb_text admin_label=&#8221;Hero Title&#8221; _builder_version=&#8221;4.10.8&#8243; text_font=&#8221;Playfair Display||||||||&#8221; text_text_color=&#8221;#1c4d73&#8243; header_font=&#8221;Alice||||||||&#8221; header_font_size=&#8221;80px&#8221; header_letter_spacing=&#8221;-3px&#8221; header_line_height=&#8221;1.1em&#8221; custom_margin=&#8221;||0px|&#8221; custom_padding=&#8221;|||&#8221; animation_direction=&#8221;left&#8221; hover_enabled=&#8221;0&#8243; text_font_size_last_edited=&#8221;on|phone&#8221; header_font_size_tablet=&#8221;&#8221; header_font_size_phone=&#8221;60px&#8221; header_font_size_last_edited=&#8221;on|phone&#8221; global_colors_info=&#8221;{}&#8221; sticky_enabled=&#8221;0&#8243; text_font_size_phone=&#8221;32px&#8221; content_last_edited=&#8221;off|phone&#8221;]<\/p>\n<h1><span style=\"color: #1c4d73;\">Kiinteist\u00f6kokonaisuus<\/span><\/h1>\n<p>[\/et_pb_text][et_pb_text _builder_version=&#8221;4.10.8&#8243; text_font=&#8221;||||||||&#8221; text_text_color=&#8221;rgba(0,0,0,0.82)&#8221; text_font_size=&#8221;18px&#8221; text_line_height=&#8221;1.8em&#8221; header_font=&#8221;||||||||&#8221; custom_margin=&#8221;|||&#8221; animation_direction=&#8221;left&#8221; global_colors_info=&#8221;{}&#8221;]<\/p>\n<p><strong>Esteett\u00f6mien asuntojen lis\u00e4ksi alueelta l\u00f6ytyy viihtyis\u00e4 ja aktivoiva pihapiiri sek\u00e4 yhteis\u00f6llisi\u00e4 oleskelualueita sis\u00e4lt\u00e4 ja ulkoa.<\/strong><\/p>\n<p>[\/et_pb_text][\/et_pb_column][\/et_pb_row][\/et_pb_section][et_pb_section fb_built=&#8221;1&#8243; admin_label=&#8221;About Us Section&#8221; _builder_version=&#8221;4.10.8&#8243; use_background_color_gradient=&#8221;on&#8221; background_color_gradient_start=&#8221;#ffffff&#8221; background_color_gradient_end=&#8221;rgba(155,155,155,0.45)&#8221; global_colors_info=&#8221;{}&#8221;][et_pb_row column_structure=&#8221;1_2,1_2&#8243; admin_label=&#8221;About Us Area&#8221; _builder_version=&#8221;4.10.8&#8243; custom_margin=&#8221;|||&#8221; global_colors_info=&#8221;{}&#8221;][et_pb_column type=&#8221;1_2&#8243; _builder_version=&#8221;3.25&#8243; custom_padding=&#8221;|||&#8221; global_colors_info=&#8221;{}&#8221; custom_padding__hover=&#8221;|||&#8221;][et_pb_gallery gallery_ids=&#8221;219,218,217,212,215,223,220,224,221&#8243; fullwidth=&#8221;on&#8221; _builder_version=&#8221;4.10.8&#8243; _module_preset=&#8221;default&#8221; width=&#8221;79%&#8221; global_colors_info=&#8221;{}&#8221;][\/et_pb_gallery][\/et_pb_column][et_pb_column type=&#8221;1_2&#8243; _builder_version=&#8221;3.25&#8243; custom_padding=&#8221;80px||80px|&#8221; global_colors_info=&#8221;{}&#8221; custom_padding__hover=&#8221;|||&#8221;][et_pb_text admin_label=&#8221;Title&#8221; _builder_version=&#8221;4.10.8&#8243; text_font=&#8221;||||||||&#8221; header_font=&#8221;||||||||&#8221; header_2_font=&#8221;Alice||||||||&#8221; header_2_font_size=&#8221;42px&#8221; header_2_line_height=&#8221;1.3em&#8221; width_tablet=&#8221;&#8221; width_phone=&#8221;&#8221; width_last_edited=&#8221;on|desktop&#8221; animation_direction=&#8221;top&#8221; global_colors_info=&#8221;{}&#8221;]<\/p>\n<h2><span style=\"color: #1c4d73;\">Palvelut l\u00e4hell\u00e4si<\/span><\/h2>\n<p>[\/et_pb_text][et_pb_divider color=&#8221;#000000&#8243; divider_weight=&#8221;3px&#8221; _builder_version=&#8221;3.2&#8243; max_width=&#8221;50px&#8221; custom_margin=&#8221;||10px|&#8221; animation_style=&#8221;fold&#8221; animation_direction=&#8221;left&#8221; animation_starting_opacity=&#8221;100%&#8221; global_colors_info=&#8221;{}&#8221;][\/et_pb_divider][et_pb_text _builder_version=&#8221;4.10.8&#8243; text_font=&#8221;||||||||&#8221; text_font_size=&#8221;16px&#8221; text_line_height=&#8221;1.8em&#8221; animation_direction=&#8221;top&#8221; global_colors_info=&#8221;{}&#8221;]<\/p>\n<h4>-Taloyhti\u00f6n saunaosasto<\/h4>\n<h4>-Pesutupa<\/h4>\n<h4>-Kalannin palvelukeskus &#8211; ruokailu, sauna, virikkeit\u00e4<\/h4>\n<h4>-Parturi<\/h4>\n<h4>-Kirjasto<\/h4>\n<h4>-Seurakunta<\/h4>\n<h4>-Kaupan ruokakuljetuspalvelu<\/h4>\n<h4><\/h4>\n<p>[\/et_pb_text][\/et_pb_column][\/et_pb_row][\/et_pb_section][et_pb_section fb_built=&#8221;1&#8243; admin_label=&#8221;History&#8221; _builder_version=&#8221;4.10.8&#8243; background_enable_color=&#8221;off&#8221; use_background_color_gradient=&#8221;on&#8221; background_color_gradient_start=&#8221;#d5dee8&#8243; background_color_gradient_end=&#8221;rgba(213,222,232,0)&#8221; background_color_gradient_direction=&#8221;90deg&#8221; background_color_gradient_start_position=&#8221;30%&#8221; background_color_gradient_overlays_image=&#8221;on&#8221; background_enable_image=&#8221;off&#8221; global_colors_info=&#8221;{}&#8221;][et_pb_row column_structure=&#8221;1_2,1_2&#8243; admin_label=&#8221;Row&#8221; _builder_version=&#8221;4.10.8&#8243; global_colors_info=&#8221;{}&#8221;][et_pb_column type=&#8221;1_2&#8243; _builder_version=&#8221;3.25&#8243; custom_padding=&#8221;|||&#8221; global_colors_info=&#8221;{}&#8221; custom_padding__hover=&#8221;|||&#8221;][et_pb_text _builder_version=&#8221;4.10.8&#8243; text_font=&#8221;||||||||&#8221; text_font_size=&#8221;16px&#8221; text_line_height=&#8221;1.8em&#8221; header_font=&#8221;||||||||&#8221; header_2_font=&#8221;Alice||||||||&#8221; header_2_font_size=&#8221;60px&#8221; header_2_line_height=&#8221;1.3em&#8221; custom_padding=&#8221;|||&#8221; animation_direction=&#8221;bottom&#8221; global_colors_info=&#8221;{}&#8221;]<\/p>\n<h2><span style=\"color: #1c4d73;\">Tekemist\u00e4 &amp; virikkeit\u00e4<\/span><\/h2>\n<h3><span>1. Virikkeellinen ja miellytt\u00e4v\u00e4 ymp\u00e4rist\u00f6<\/span><\/h3>\n<h3><span>2. Yhteiset oleskelutilat ulkona<\/span><\/h3>\n<h3><span>3. Yhteinen kerhotila<\/span><\/h3>\n<h3><span>4. Yhteis\u00f6llisyys ja naapuriapu<\/span><\/h3>\n<h3><span>5. Esteett\u00f6myys ja turvallisuus<\/span><\/h3>\n<p>[\/et_pb_text][\/et_pb_column][et_pb_column type=&#8221;1_2&#8243; _builder_version=&#8221;3.25&#8243; custom_padding=&#8221;|||&#8221; global_colors_info=&#8221;{}&#8221; custom_padding__hover=&#8221;|||&#8221;][et_pb_gallery gallery_ids=&#8221;207,208,209,210&#8243; show_title_and_caption=&#8221;off&#8221; _builder_version=&#8221;4.10.8&#8243; _module_preset=&#8221;default&#8221; global_colors_info=&#8221;{}&#8221;][\/et_pb_gallery][\/et_pb_column][\/et_pb_row][\/et_pb_section][et_pb_section fb_built=&#8221;1&#8243; _builder_version=&#8221;4.10.8&#8243; _module_preset=&#8221;default&#8221; use_background_color_gradient=&#8221;on&#8221; background_color_gradient_start=&#8221;#ffffff&#8221; background_color_gradient_end=&#8221;#d5dee8&#8243; background_color_gradient_type=&#8221;radial&#8221; global_colors_info=&#8221;{}&#8221;][et_pb_row _builder_version=&#8221;4.10.8&#8243; _module_preset=&#8221;default&#8221; global_colors_info=&#8221;{}&#8221;][et_pb_column type=&#8221;4_4&#8243; _builder_version=&#8221;4.10.8&#8243; _module_preset=&#8221;default&#8221; global_colors_info=&#8221;{}&#8221;][et_pb_button button_url=&#8221;https:\/\/www.senioripuisto.fi\/index.php\/165-2\/&#8221; button_text=&#8221;Ota yhteytt\u00e4!&#8221; button_alignment=&#8221;center&#8221; _builder_version=&#8221;4.10.8&#8243; _module_preset=&#8221;default&#8221; custom_button=&#8221;on&#8221; button_text_size=&#8221;34px&#8221; button_text_color=&#8221;#FFFFFF&#8221; button_bg_use_color_gradient=&#8221;on&#8221; button_border_width=&#8221;0px&#8221; button_border_radius=&#8221;7px&#8221; button_letter_spacing=&#8221;5px&#8221; button_font=&#8221;||||||||&#8221; global_colors_info=&#8221;{}&#8221;][\/et_pb_button][\/et_pb_column][\/et_pb_row][\/et_pb_section]<\/p>\n","protected":false},"excerpt":{"rendered":"<p>Kiinteist\u00f6kokonaisuusEsteett\u00f6mien asuntojen lis\u00e4ksi alueelta l\u00f6ytyy viihtyis\u00e4 ja aktivoiva pihapiiri sek\u00e4 yhteis\u00f6llisi\u00e4 oleskelualueita sis\u00e4lt\u00e4 ja ulkoa.Palvelut l\u00e4hell\u00e4si-Taloyhti\u00f6n saunaosasto -Pesutupa -Kalannin palvelukeskus &#8211; ruokailu, sauna, virikkeit\u00e4 -Parturi -Kirjasto -Seurakunta -Kaupan ruokakuljetuspalvelu Tekemist\u00e4 &amp; virikkeit\u00e4 1. Virikkeellinen ja miellytt\u00e4v\u00e4 ymp\u00e4rist\u00f6 2. Yhteiset oleskelutilat ulkona 3. Yhteinen kerhotila 4. Yhteis\u00f6llisyys ja naapuriapu 5. Esteett\u00f6myys ja turvallisuus<\/p>\n","protected":false},"author":1,"featured_media":0,"parent":0,"menu_order":0,"comment_status":"closed","ping_status":"closed","template":"","meta":{"_et_pb_use_builder":"on","_et_pb_old_content":"","_et_gb_content_width":""},"_links":{"self":[{"href":"https:\/\/www.senioripuisto.fi\/index.php\/wp-json\/wp\/v2\/pages\/177"}],"collection":[{"href":"https:\/\/www.senioripuisto.fi\/index.php\/wp-json\/wp\/v2\/pages"}],"about":[{"href":"https:\/\/www.senioripuisto.fi\/index.php\/wp-json\/wp\/v2\/types\/page"}],"author":[{"embeddable":true,"href":"https:\/\/www.senioripuisto.fi\/index.php\/wp-json\/wp\/v2\/users\/1"}],"replies":[{"embeddable":true,"href":"https:\/\/www.senioripuisto.fi\/index.php\/wp-json\/wp\/v2\/comments?post=177"}],"version-history":[{"count":21,"href":"https:\/\/www.senioripuisto.fi\/index.php\/wp-json\/wp\/v2\/pages\/177\/revisions"}],"predecessor-version":[{"id":339,"href":"https:\/\/www.senioripuisto.fi\/index.php\/wp-json\/wp\/v2\/pages\/177\/revisions\/339"}],"wp:attachment":[{"href":"https:\/\/www.senioripuisto.fi\/index.php\/wp-json\/wp\/v2\/media?parent=177"}],"curies":[{"name":"wp","href":"https:\/\/api.w.org\/{rel}","templated":true}]}}